{"id":4046,"date":"2018-02-05T21:32:30","date_gmt":"2018-02-05T20:32:30","guid":{"rendered":"https:\/\/www.carubina.com\/stores\/"},"modified":"2025-10-19T16:11:28","modified_gmt":"2025-10-19T14:11:28","slug":"stores","status":"publish","type":"page","link":"https:\/\/www.carubina.com\/en\/stores\/","title":{"rendered":"STORES"},"content":{"rendered":"<h1>Shops in Germany<\/h1>\n<p><b>Reitsport Schuldt<br \/><\/b>Nedderstr.21<br \/>228869 Schenefeld<\/p>\n<p><span class=\"company\"><strong>LIEBLINGSPFERD<\/strong><\/span><br \/>Dr.-Albert Str.19<br \/>30938 Burgwedel<\/p>\n<p><strong>Zum Hufnagel<\/strong><br \/>Brockh\u00e4ger Str.25<br \/>33330 G\u00fctersloh<\/p>\n<p><strong>Reitsport Weitkamp<\/strong><br \/>An der Reegt 14<br \/>33611 Bielefeld<\/p>\n<p><span class=\"company\"><strong>Reitsport K\u00f6nnecke<\/strong><\/span><br \/>Auf dem Sand 34<br \/>40721 Hilden<\/p>\n<p><strong>Reitsport Karsch<br \/><\/strong>Voosener Str.61<br \/>41179 M\u00f6nchengladbach<\/p>\n<p><strong>Reitsport Hinrichs<\/strong><br \/>Ruhrtalstr.87<br \/>45239 Essen<\/p>\n<p><span class=\"company\"><strong>Reitsport Stegemann<\/strong><\/span><br \/>Castroper Str.138<br \/>45711 Datteln<\/p>\n<p><span class=\"company\"><strong>Care4animals.de<\/strong><\/span><br \/>Sl\u00fcmer Str. 5-6<br \/>47669 Wachtendonk<\/p>\n<p><strong>Reitsport WOHLHORN<\/strong><br \/>Everswwinkeler Str.21a<br \/>48361 Everswiwnkel<\/p>\n<p><strong>Reitsport EMMERICH<\/strong><br \/>Metternichstr.6<br \/>54292 Trier<\/p>\n<p><strong>Reitsport-Zentrum Steiper<\/strong><br \/>Bachstr.15<br \/>61350 Bad Homburg<\/p>\n<p><strong>FRZ Pferdesport<\/strong><br \/>Gutenberg Str.1<br \/>63303 Dreieich Offenthal<\/p>\n<p><strong>Equi-shop<\/strong><br \/>Bruchtannenstr.15<br \/>63801 Kleinostheim<\/p>\n<p><strong>EQUIA<\/strong><br \/>Moselaue 15<br \/>66706 Perl-Besch<\/p>\n<p><strong>Reitsport BUDERER<\/strong><br \/>Zeppelinstr.21<br \/>79331 Trier<\/p>\n<p><strong>CdC &#8211; Charme du Cheval<\/strong><br \/>Ahornstr.8a<br \/>82287 Jesenwang<\/p>\n<p><strong>Pferdesport Silberhorn<\/strong><br \/>Im Naabtalpark 54<br \/>93133 Burglengenfeld<\/p>\n\n\n<p><\/p>\n","protected":false},"excerpt":{"rendered":"<p>Shops in Germany Reitsport SchuldtNedderstr.21228869 Schenefeld LIEBLINGSPFERDDr.-Albert Str.1930938 Burgwedel Zum HufnagelBrockh\u00e4ger Str.2533330 G\u00fctersloh Reitsport WeitkampAn der Reegt 1433611 Bielefeld Reitsport K\u00f6nneckeAuf dem Sand 3440721 Hilden Reitsport KarschVoosener Str.6141179 M\u00f6nchengladbach Reitsport HinrichsRuhrtalstr.8745239 Essen Reitsport StegemannCastroper Str.13845711 Datteln Care4animals.deSl\u00fcmer Str. 5-647669 Wachtendonk Reitsport WOHLHORNEverswwinkeler Str.21a48361 Everswiwnkel Reitsport EMMERICHMetternichstr.654292 Trier Reitsport-Zentrum SteiperBachstr.1561350 Bad Homburg FRZ PferdesportGutenberg Str.163303 Dreieich Offenthal Equi-shopBruchtannenstr.1563801 Kleinostheim EQUIAMoselaue 1566706 Perl-Besch Reitsport BUDERERZeppelinstr.2179331 Trier CdC &#8211; Charme du ChevalAhornstr.8a82287 Jesenwang Pferdesport SilberhornIm Naabtalpark 5493133 Burglengenfeld<\/p>\n","protected":false},"author":5,"featured_media":0,"parent":0,"menu_order":4,"comment_status":"closed","ping_status":"closed","template":"","meta":{"_acf_changed":false,"footnotes":""},"class_list":["post-4046","page","type-page","status-publish","hentry"],"acf":[],"yoast_head":"<!-- This site is optimized with the Yoast SEO Premium plugin v27.0 (Yoast SEO v27.4) - https:\/\/yoast.com\/product\/yoast-seo-premium-wordpress\/ -->\n<title>STORES - CARUBINA<\/title>\n<meta name=\"robots\" content=\"index, follow, max-snippet:-1, max-image-preview:large, max-video-preview:-1\" \/>\n<link rel=\"canonical\" href=\"https:\/\/www.carubina.com\/en\/stores\/\" \/>\n<meta property=\"og:locale\" content=\"en_US\" \/>\n<meta property=\"og:type\" content=\"article\" \/>\n<meta property=\"og:title\" content=\"STORES\" \/>\n<meta property=\"og:description\" content=\"Shops in Germany Reitsport SchuldtNedderstr.21228869 Schenefeld LIEBLINGSPFERDDr.-Albert Str.1930938 Burgwedel Zum HufnagelBrockh\u00e4ger Str.2533330 G\u00fctersloh Reitsport WeitkampAn der Reegt 1433611 Bielefeld Reitsport K\u00f6nneckeAuf dem Sand 3440721 Hilden Reitsport KarschVoosener Str.6141179 M\u00f6nchengladbach Reitsport HinrichsRuhrtalstr.8745239 Essen Reitsport StegemannCastroper Str.13845711 Datteln Care4animals.deSl\u00fcmer Str. 5-647669 Wachtendonk Reitsport WOHLHORNEverswwinkeler Str.21a48361 Everswiwnkel Reitsport EMMERICHMetternichstr.654292 Trier Reitsport-Zentrum SteiperBachstr.1561350 Bad Homburg FRZ PferdesportGutenberg Str.163303 Dreieich Offenthal Equi-shopBruchtannenstr.1563801 Kleinostheim EQUIAMoselaue 1566706 Perl-Besch Reitsport BUDERERZeppelinstr.2179331 Trier CdC &#8211; Charme du ChevalAhornstr.8a82287 Jesenwang Pferdesport SilberhornIm Naabtalpark 5493133 Burglengenfeld\" \/>\n<meta property=\"og:url\" content=\"https:\/\/www.carubina.com\/en\/stores\/\" \/>\n<meta property=\"og:site_name\" content=\"CARUBINA\" \/>\n<meta property=\"article:modified_time\" content=\"2025-10-19T14:11:28+00:00\" \/>\n<meta name=\"twitter:card\" content=\"summary_large_image\" \/>\n<meta name=\"twitter:label1\" content=\"Est. reading time\" \/>\n\t<meta name=\"twitter:data1\" content=\"1 minute\" \/>\n<script type=\"application\/ld+json\" class=\"yoast-schema-graph\">{\"@context\":\"https:\\\/\\\/schema.org\",\"@graph\":[{\"@type\":\"WebPage\",\"@id\":\"https:\\\/\\\/www.carubina.com\\\/en\\\/stores\\\/\",\"url\":\"https:\\\/\\\/www.carubina.com\\\/en\\\/stores\\\/\",\"name\":\"STORES - CARUBINA\",\"isPartOf\":{\"@id\":\"https:\\\/\\\/www.carubina.com\\\/#website\"},\"datePublished\":\"2018-02-05T20:32:30+00:00\",\"dateModified\":\"2025-10-19T14:11:28+00:00\",\"breadcrumb\":{\"@id\":\"https:\\\/\\\/www.carubina.com\\\/en\\\/stores\\\/#breadcrumb\"},\"inLanguage\":\"en-US\",\"potentialAction\":[{\"@type\":\"ReadAction\",\"target\":[\"https:\\\/\\\/www.carubina.com\\\/en\\\/stores\\\/\"]}]},{\"@type\":\"BreadcrumbList\",\"@id\":\"https:\\\/\\\/www.carubina.com\\\/en\\\/stores\\\/#breadcrumb\",\"itemListElement\":[{\"@type\":\"ListItem\",\"position\":1,\"name\":\"Startseite\",\"item\":\"https:\\\/\\\/www.carubina.com\\\/en\\\/\"},{\"@type\":\"ListItem\",\"position\":2,\"name\":\"STORES\"}]},{\"@type\":\"WebSite\",\"@id\":\"https:\\\/\\\/www.carubina.com\\\/#website\",\"url\":\"https:\\\/\\\/www.carubina.com\\\/\",\"name\":\"CARUBINA\",\"description\":\"CARUBINA EQUESTRIAN\",\"potentialAction\":[{\"@type\":\"SearchAction\",\"target\":{\"@type\":\"EntryPoint\",\"urlTemplate\":\"https:\\\/\\\/www.carubina.com\\\/?s={search_term_string}\"},\"query-input\":{\"@type\":\"PropertyValueSpecification\",\"valueRequired\":true,\"valueName\":\"search_term_string\"}}],\"inLanguage\":\"en-US\"}]}<\/script>\n<!-- \/ Yoast SEO Premium plugin. -->","yoast_head_json":{"title":"STORES - CARUBINA","robots":{"index":"index","follow":"follow","max-snippet":"max-snippet:-1","max-image-preview":"max-image-preview:large","max-video-preview":"max-video-preview:-1"},"canonical":"https:\/\/www.carubina.com\/en\/stores\/","og_locale":"en_US","og_type":"article","og_title":"STORES","og_description":"Shops in Germany Reitsport SchuldtNedderstr.21228869 Schenefeld LIEBLINGSPFERDDr.-Albert Str.1930938 Burgwedel Zum HufnagelBrockh\u00e4ger Str.2533330 G\u00fctersloh Reitsport WeitkampAn der Reegt 1433611 Bielefeld Reitsport K\u00f6nneckeAuf dem Sand 3440721 Hilden Reitsport KarschVoosener Str.6141179 M\u00f6nchengladbach Reitsport HinrichsRuhrtalstr.8745239 Essen Reitsport StegemannCastroper Str.13845711 Datteln Care4animals.deSl\u00fcmer Str. 5-647669 Wachtendonk Reitsport WOHLHORNEverswwinkeler Str.21a48361 Everswiwnkel Reitsport EMMERICHMetternichstr.654292 Trier Reitsport-Zentrum SteiperBachstr.1561350 Bad Homburg FRZ PferdesportGutenberg Str.163303 Dreieich Offenthal Equi-shopBruchtannenstr.1563801 Kleinostheim EQUIAMoselaue 1566706 Perl-Besch Reitsport BUDERERZeppelinstr.2179331 Trier CdC &#8211; Charme du ChevalAhornstr.8a82287 Jesenwang Pferdesport SilberhornIm Naabtalpark 5493133 Burglengenfeld","og_url":"https:\/\/www.carubina.com\/en\/stores\/","og_site_name":"CARUBINA","article_modified_time":"2025-10-19T14:11:28+00:00","twitter_card":"summary_large_image","twitter_misc":{"Est. reading time":"1 minute"},"schema":{"@context":"https:\/\/schema.org","@graph":[{"@type":"WebPage","@id":"https:\/\/www.carubina.com\/en\/stores\/","url":"https:\/\/www.carubina.com\/en\/stores\/","name":"STORES - CARUBINA","isPartOf":{"@id":"https:\/\/www.carubina.com\/#website"},"datePublished":"2018-02-05T20:32:30+00:00","dateModified":"2025-10-19T14:11:28+00:00","breadcrumb":{"@id":"https:\/\/www.carubina.com\/en\/stores\/#breadcrumb"},"inLanguage":"en-US","potentialAction":[{"@type":"ReadAction","target":["https:\/\/www.carubina.com\/en\/stores\/"]}]},{"@type":"BreadcrumbList","@id":"https:\/\/www.carubina.com\/en\/stores\/#breadcrumb","itemListElement":[{"@type":"ListItem","position":1,"name":"Startseite","item":"https:\/\/www.carubina.com\/en\/"},{"@type":"ListItem","position":2,"name":"STORES"}]},{"@type":"WebSite","@id":"https:\/\/www.carubina.com\/#website","url":"https:\/\/www.carubina.com\/","name":"CARUBINA","description":"CARUBINA EQUESTRIAN","potentialAction":[{"@type":"SearchAction","target":{"@type":"EntryPoint","urlTemplate":"https:\/\/www.carubina.com\/?s={search_term_string}"},"query-input":{"@type":"PropertyValueSpecification","valueRequired":true,"valueName":"search_term_string"}}],"inLanguage":"en-US"}]}},"_links":{"self":[{"href":"https:\/\/www.carubina.com\/en\/wp-json\/wp\/v2\/pages\/4046","targetHints":{"allow":["GET"]}}],"collection":[{"href":"https:\/\/www.carubina.com\/en\/wp-json\/wp\/v2\/pages"}],"about":[{"href":"https:\/\/www.carubina.com\/en\/wp-json\/wp\/v2\/types\/page"}],"author":[{"embeddable":true,"href":"https:\/\/www.carubina.com\/en\/wp-json\/wp\/v2\/users\/5"}],"replies":[{"embeddable":true,"href":"https:\/\/www.carubina.com\/en\/wp-json\/wp\/v2\/comments?post=4046"}],"version-history":[{"count":5,"href":"https:\/\/www.carubina.com\/en\/wp-json\/wp\/v2\/pages\/4046\/revisions"}],"predecessor-version":[{"id":41195,"href":"https:\/\/www.carubina.com\/en\/wp-json\/wp\/v2\/pages\/4046\/revisions\/41195"}],"wp:attachment":[{"href":"https:\/\/www.carubina.com\/en\/wp-json\/wp\/v2\/media?parent=4046"}],"curies":[{"name":"wp","href":"https:\/\/api.w.org\/{rel}","templated":true}]}}